{"id":11973,"date":"2020-03-16T22:51:05","date_gmt":"2020-03-16T17:51:05","guid":{"rendered":"http:\/\/topglaciers.com\/conditions-dutilisation\/"},"modified":"2024-03-26T07:15:08","modified_gmt":"2024-03-26T12:15:08","slug":"terms-of-use","status":"publish","type":"page","link":"https:\/\/www.topglaciers.com\/en\/terms-of-use\/","title":{"rendered":"Terms of use"},"content":{"rendered":"<div class=\"wpb-content-wrapper\">[vc_row css=&#8221;.vc_custom_1711455299721{padding-top: 60px !important;padding-bottom: 60px !important;}&#8221; el_class=&#8221;bjm-terms&#8221;][vc_column][vc_column_text css=&#8221;.vc_custom_1711455292006{margin-bottom: 0px !important;}&#8221;]\n<h1 class=\"p1\"><strong>PRIVACY AND CONFIDENTIALITY POLICY<\/strong><\/h1>\n<p class=\"p1\">At Top Glaciers Inc (also operating as: &#8220;Solo Fruit&#8221;, &#8220;Coolway&#8221;, &#8220;Lambert&#8221;, &#8220;Billoquet&#8221;) we strongly believe in the importance of protecting the personal information of our customers, employees and representatives (hereinafter referred to as &#8220;you&#8221;, &#8220;your&#8221;). We are subject to the Act respecting the protection of personal information in the private sector, and as such, we are committed to maintaining the confidentiality of the personal information we collect in the course of our activities (hereinafter referred to as &#8220;we&#8221;, &#8220;our&#8221;).<span class=\"Apple-converted-space\">\u00a0<\/span><\/p>\n<p class=\"p1\">Our privacy policy (the &#8220;Policy&#8221;) is designed to inform you of our practices regarding the collection, use, disclosure and retention of personal information. By choosing to provide us with personal information (whether via our website, e-mail, in person or by telephone), you agree to the terms and conditions of this Privacy Policy and authorize us to process your personal information in accordance with it, for the purposes set out below.<span class=\"Apple-converted-space\">\u00a0<\/span><\/p>\n<h2 class=\"p1\"><b>TERMS AND CONDITIONS OF USE<\/b><\/h2>\n<p class=\"p1\"><b>PRIVACY<span class=\"Apple-converted-space\">\u00a0<\/span><\/b><\/p>\n<p class=\"p1\">Personal information is information about an identifiable individual. TOP Glaciers Inc. imposes strict security measures to protect your privacy and personal information. Rest assured that no such information will be collected without your consent.<span class=\"Apple-converted-space\">\u00a0<\/span><\/p>\n<p class=\"p1\"><b>WHO OPERATES &#8216;TOP Glaciers Inc.<span class=\"Apple-converted-space\">\u00a0<\/span><\/b><\/p>\n<p class=\"p1\">This site is operated by TOP Glaciers Inc.<span class=\"Apple-converted-space\">\u00a0<\/span><\/p>\n<p class=\"p1\"><b>LEGAL FRAMEWORK<span class=\"Apple-converted-space\">\u00a0<\/span><\/b><\/p>\n<p class=\"p1\">The site is published in Quebec, Canada. Quebec and Canadian laws protect the user&#8217;s personal information. You may inquire about your rights by consulting the Commission d&#8217;acc\u00e8s \u00e0 l&#8217;information du Qu\u00e9bec and the Office of the Privacy Commissioner of Canada.<span class=\"Apple-converted-space\">\u00a0<\/span><\/p>\n<p class=\"p1\"><b>PERSONAL INFORMATION<span class=\"Apple-converted-space\">\u00a0<\/span><\/b><\/p>\n<p class=\"p1\">TOP Glaciers Inc. does not collect any personal information on its Web site, except that which is voluntarily provided by the user. In certain circumstances, for example when registering for a newsletter or an on-line advertising contest, TOP Glaciers Inc. requires that you fill out a form with your name, address, e-mail address and certain other personal information.<span class=\"Apple-converted-space\">\u00a0<\/span><\/p>\n<p class=\"p1\">At all times, you are explicitly and previously informed that this information will be processed: sending printed or electronic documentation, responding to requests for information or subscribing to electronic newsletters. TOP Glaciers Inc. will sometimes ask you, via forms, if you are interested in receiving information about other services, contests or news about the regional tourism industry. You will always have the option of declining this request or discontinuing a subscription to a personalized service you have chosen.<span class=\"Apple-converted-space\">\u00a0<\/span><\/p>\n<p class=\"p1\">Unless otherwise specified, no personal information is sold, rented, exchanged or transmitted to anyone. All personal information held or collected is protected under the Personal Information Protection and Electronic Documents Act.<span class=\"Apple-converted-space\">\u00a0<\/span><\/p>\n<p class=\"p1\"><b>COLLECTION AND USE OF YOUR PERSONAL INFORMATION<span class=\"Apple-converted-space\">\u00a0<\/span><\/b><\/p>\n<p class=\"p1\">When you use our website, we may ask you to provide certain personal information that may be used to contact or identify you. This information may include, but is not limited to:<span class=\"Apple-converted-space\">\u00a0<\/span><\/p>\n<ul class=\"ul1\">\n<li class=\"li1\">Contact information such as name, address, e-mail address and telephone number;<span class=\"Apple-converted-space\">\u00a0<\/span><\/li>\n<li class=\"li1\">Product and service information, such as details of services we have provided to you;<span class=\"Apple-converted-space\">\u00a0<\/span><\/li>\n<li class=\"li1\">Recruitment information, such as your curriculum vitae, educational and employment background, details of professional affiliations and other information relevant to potential recruitment;<span class=\"Apple-converted-space\">\u00a0<\/span><\/li>\n<li class=\"li1\">Usage data may include information such as the IP address of your device, the type of browser you are using, the browser version, the pages of our website you visit, the date and time of your visit, the time spent on those pages, unique device identifiers and other diagnostic data ;<\/li>\n<li class=\"li1\">If you access our website via a mobile device, we may automatically collect certain information, including the type of mobile device you are using, the unique identifier of your mobile device, the IP address of your mobile device, the operating system of your mobile device, the type of mobile Internet browser you are using, unique device identifiers and other diagnostic data.<span class=\"Apple-converted-space\">\u00a0<\/span><\/li>\n<li class=\"li1\">We may also collect information that your browser sends when you visit our website or access our website via a mobile device.<span class=\"Apple-converted-space\">\u00a0<\/span><\/li>\n<li class=\"li1\">Any other personal information you provide. Please note that if you provide us with personal information about other individuals (such as your customers, directors, officers, shareholders, employees or beneficial owners), you must ensure that you have given such individuals appropriate notice that you are providing us with their information and that you have obtained their consent to such disclosure.<\/li>\n<\/ul>\n<p class=\"p3\"><b>RETENTION AND DESTRUCTION OF PERSONAL INFORMATION<span class=\"Apple-converted-space\">\u00a0<\/span><\/b><\/p>\n<p class=\"p3\">We will only retain your personal data for as long as is necessary for the purposes set out in this Privacy Policy. We will retain and use it to the extent necessary to comply with our legal obligations, to resolve disputes and to enforce our legal policies.<span class=\"Apple-converted-space\">\u00a0<\/span><\/p>\n<p class=\"p3\">We will also retain usage data for internal analysis. This data is generally kept for a shorter period, unless it is used to enhance security or improve the functionality of our website, or we are legally obliged to keep it for longer.<span class=\"Apple-converted-space\">\u00a0<\/span><\/p>\n<p class=\"p3\"><b>ELECTRONIC NEWSLETTERS<span class=\"Apple-converted-space\">\u00a0<\/span><\/b><\/p>\n<p class=\"p3\">TOP Glaciers Inc. does not engage in bulk mailings. You can subscribe to receive free information on various products. You may cancel your subscription at any time, without explanation. You will also be able to verify the information TOP Glaciers Inc. has about you.<\/p>\n<p class=\"p3\"><b>USE OF COOKIES<span class=\"Apple-converted-space\">\u00a0<\/span><\/b><\/p>\n<p class=\"p3\">Cookies are small text files sent to your browser when you visit a website. They are stored temporarily or permanently on your hard drive to keep a record of your visit. In this way, cookies can increase the usefulness of the Web by saving information about your preferences for a particular site and making your next visit more efficient.<span class=\"Apple-converted-space\">\u00a0<\/span><\/p>\n<p class=\"p3\">The use of cookies is now standard practice in the IT world. Most major sites use them to better serve their customers. Most browsers are designed to accept them. You can always modify your settings to refuse cookies if you wish. However, if you do so, you may not be able to take full advantage of a Web site&#8217;s features.<span class=\"Apple-converted-space\">\u00a0<\/span><\/p>\n<p class=\"p3\">To manage cookies in a particular browser, please consult the following pages:<span class=\"Apple-converted-space\">\u00a0<\/span><\/p>\n<p class=\"p5\"><span class=\"s1\"><a href=\"https:\/\/support.microsoft.com\/en-us\/windows\/delete-and-manage-cookies-168dab11-0753-043d-7c16-ede5947fc64d\">Delete and manage cookies in Internet Explorer<\/a><\/span><span class=\"s2\"><span class=\"Apple-converted-space\">\u00a0<\/span><\/span><\/p>\n<p class=\"p5\"><span class=\"s1\"><a href=\"https:\/\/support.microsoft.com\/en-us\/windows\/delete-and-manage-cookies-168dab11-0753-043d-7c16-ede5947fc64d\">Managing cookies and website data in Safari on Mac<\/a><\/span><span class=\"s2\"><span class=\"Apple-converted-space\">\u00a0<\/span><\/span><\/p>\n<p class=\"p5\"><span class=\"s1\"><a href=\"https:\/\/support.google.com\/accounts\/answer\/61416?hl=en&amp;sjid=6072241257482209410-NA\">Enable or disable cookies in Chrome<\/a><\/span><span class=\"s2\"><span class=\"Apple-converted-space\">\u00a0<\/span><\/span><\/p>\n<p class=\"p5\"><span class=\"s1\"><a href=\"https:\/\/support.mozilla.org\/fr\/kb\/protection-renforcee-contre-pistage-firefox-ordinateur?redirectslug=activer-desactiver-cookies-preferences&amp;redirectlocale=fr\">Allowing and blocking cookies in Firefox<\/a><\/span><span class=\"s2\"><span class=\"Apple-converted-space\">\u00a0<\/span><\/span><\/p>\n<p class=\"p3\">You can also manage cookies by changing the settings on your smartphone:<span class=\"Apple-converted-space\">\u00a0<\/span><\/p>\n<p class=\"p3\">Delete history and cookies saved in Safari on your iPhone, iPad or iPod touch<span class=\"Apple-converted-space\">\u00a0<\/span><\/p>\n<p class=\"p3\">Delete your history and activity on Android<span class=\"Apple-converted-space\">\u00a0<\/span><\/p>\n<p class=\"p3\"><b>THE USE OF &#8220;COOKIES&#8221; BY TOP Glaciers Inc.<span class=\"Apple-converted-space\">\u00a0<\/span><\/b><\/p>\n<p class=\"p3\">TOP Glaciers Inc. uses harmless cookies to track otherwise anonymous traffic on its site. Cookies record statistical information such as visitors&#8217; IP addresses, type of operating system, time and duration of visit and Web pages viewed.<span class=\"Apple-converted-space\">\u00a0<\/span><\/p>\n<p class=\"p3\">This data cannot be used to identify you, but is useful to TOP Glaciers Inc. marketing and Web services. This data is then used to improve our Web site and ensure that it offers visitors the best possible experience.<\/p>\n<p class=\"p3\">More specifically:<span class=\"Apple-converted-space\">\u00a0<\/span><\/p>\n<p class=\"p3\">We may use third parties, such as Google Analytics, to help us collect and analyze information about the areas visited on the Website in order to evaluate and improve the user experience and the Website. These third parties may use cookies and other tracking technologies. If you wish to prevent the storage and processing of this data (including your IP address) by Google, you can download and install the browser plug-in available at the following link: <a href=\"https:\/\/support.google.com\/analytics\/answer\/6004245?hl=en&amp;sjid=6072241257482209410-NA\"><span class=\"s3\">Google Analytics deactivation browser add-on download page. <\/span><\/a><span class=\"Apple-converted-space\">\u00a0<\/span><\/p>\n<p class=\"p3\">You can also read the Google Analytics privacy policy at the following link: <a href=\"https:\/\/policies.google.com\/privacy?hl=en\"><span class=\"s3\">Privacy policy and terms of use &#8211; Google.<\/span><\/a><span class=\"Apple-converted-space\">\u00a0<\/span><\/p>\n<p class=\"p3\">Internet users can deactivate Google&#8217;s use of cookies via the &#8220;Advertising and privacy&#8221; page. If you wish to disable the use of cookies by a third-party supplier, please visit the Network Advertising Initiative disabling page.<\/p>\n<table class=\"t1\" cellspacing=\"0\" cellpadding=\"0\">\n<tbody>\n<tr>\n<td class=\"td1\" valign=\"top\">\n<p class=\"p6\">Name<\/p>\n<\/td>\n<td class=\"td2\" valign=\"top\">\n<p class=\"p7\">Description<\/p>\n<\/td>\n<\/tr>\n<tr>\n<td class=\"td3\" valign=\"middle\">\n<p class=\"p7\">_gid<\/p>\n<\/td>\n<td class=\"td4\" valign=\"middle\">\n<p class=\"p7\">Google stores a unique identifier which is used to generate statistical data on how the visitor uses the website.<\/p>\n<\/td>\n<\/tr>\n<tr>\n<td class=\"td1\" valign=\"middle\">\n<p class=\"p7\">_ga_*<\/p>\n<\/td>\n<td class=\"td2\" valign=\"middle\">\n<p class=\"p7\">Google Analytics to store and count page views.<\/p>\n<\/td>\n<\/tr>\n<\/tbody>\n<\/table>\n<p class=\"p3\"><b>TRADEMARKS AND COPYRIGHTS<span class=\"Apple-converted-space\">\u00a0<\/span><\/b><\/p>\n<p class=\"p3\">All site content (text, graphics, images, logos, interfaces, code, textual content and layout) is the property of TOP Glaciers Inc. and\/or its members and partners. It is protected by copyright. It is strictly forbidden to reproduce, publish, rebroadcast, transmit or use it in any way without prior written consent.<span class=\"Apple-converted-space\">\u00a0<\/span><\/p>\n<p class=\"p3\">All trademarks, registered or not, trade names and company names belong to TOP Glaciers Inc. or to the respective owner who has granted the exclusive right and authorization to use them.<span class=\"Apple-converted-space\">\u00a0<\/span><\/p>\n<p class=\"p3\">For information or authorization concerning copyrights, please contact <a href=\"mailto:info@topglaciers.com\"><span class=\"s3\">info@topglaciers.com<\/span><\/a>.<\/p>\n<p class=\"p3\"><b>PHOTOS AND VIDEOS<\/b><\/p>\n<p class=\"p3\">The photos illustrating this site may not be reproduced or used. Videos may not be used for any purpose other than viewing, nor may they be reproduced in whole or in part without written permission from TOP Glaciers Inc.<\/p>\n<p class=\"p3\"><b>VERIFICATION, COMMENTS OR COMPLAINTS<\/b><\/p>\n<p class=\"p3\">The user may request to know, rectify or cancel personal information held about him or her. You have the right to know whether we hold any personal information about you and to view that information. You also have the right to ask how we have collected your information, how we have used it and to whom it may have been disclosed.<\/p>\n<p class=\"p3\">Subject to applicable laws, upon receipt of a written request from an individual and after verification of their identity, we will inform the individual whether we hold personal information about them and will disclose this information to them.<\/p>\n<p class=\"p3\">We may refuse an individual access to his or her information in accordance with applicable laws, in which case we will give reasons for our refusal.<\/p>\n<p class=\"p3\">Any request for access to information or request for modification may be sent to the person responsible for the protection of personal information at the following address:<\/p>\n<p class=\"p3\">By e-mail: Protection of personal information<br \/>\nC\/O Christine Versailles: E-mail: renseignements@topglaciers.com<\/p>\n<p class=\"p8\">Postal address:<span class=\"Apple-converted-space\"><br \/>\n<\/span><strong>TOP Glaciers Inc.<br \/>\n<\/strong>9835 Saint-Urbain Street<br \/>\nMontreal, Quebec<br \/>\nH3L 2T3 Canada<br \/>\nPhone : (514) 388-2828<\/p>\n<p class=\"p11\">By using this website, the user acknowledges having read, understood and accepted the conditions and limits of liability described in the sections above.<\/p>\n<p class=\"p11\"><b>CHANGES TO PRIVACY POLICY<\/b><\/p>\n<p class=\"p11\">We may modify this policy from time to time and will post the most current version online. We encourage you to review this Privacy Policy regularly to stay informed of any changes.<\/p>\n<p class=\"p11\">Last updated: March 20, 2024<\/p>\n[\/vc_column_text][\/vc_column][\/vc_row]\n<\/div>","protected":false},"excerpt":{"rendered":"<p>[vc_row css=&#8221;.vc_custom_1711455299721{padding-top: 60px !important;padding-bottom: 60px !important;}&#8221; el_class=&#8221;bjm-terms&#8221;][vc_column][vc_column_text css=&#8221;.vc_custom_1711455292006{margin-bottom: 0px !important;}&#8221;] PRIVACY AND CONFIDENTIALITY POLICY At Top Glaciers Inc (also operating as: &#8220;Solo Fruit&#8221;, &#8220;Coolway&#8221;, &#8220;Lambert&#8221;, &#8220;Billoquet&#8221;) we strongly believe in the importance of protecting the personal information of our customers, employees and representatives (hereinafter referred to as &#8220;you&#8221;, &#8220;your&#8221;). We are subject to the Act [&hellip;]<\/p>\n","protected":false},"author":2,"featured_media":0,"parent":0,"menu_order":0,"comment_status":"closed","ping_status":"closed","template":"","meta":{"footnotes":""},"class_list":["post-11973","page","type-page","status-publish","hentry"],"yoast_head":"<!-- This site is optimized with the Yoast SEO plugin v27.4 - https:\/\/yoast.com\/product\/yoast-seo-wordpress\/ -->\n<title>Terms of use - TOP Glaciers Inc.<\/title>\n<meta name=\"robots\" content=\"noindex, nofollow\" \/>\n<meta property=\"og:locale\" content=\"en_US\" \/>\n<meta property=\"og:type\" content=\"article\" \/>\n<meta property=\"og:title\" content=\"Terms of use - TOP Glaciers Inc.\" \/>\n<meta property=\"og:description\" content=\"[vc_row css=&#8221;.vc_custom_1711455299721{padding-top: 60px !important;padding-bottom: 60px !important;}&#8221; el_class=&#8221;bjm-terms&#8221;][vc_column][vc_column_text css=&#8221;.vc_custom_1711455292006{margin-bottom: 0px !important;}&#8221;] PRIVACY AND CONFIDENTIALITY POLICY At Top Glaciers Inc (also operating as: &#8220;Solo Fruit&#8221;, &#8220;Coolway&#8221;, &#8220;Lambert&#8221;, &#8220;Billoquet&#8221;) we strongly believe in the importance of protecting the personal information of our customers, employees and representatives (hereinafter referred to as &#8220;you&#8221;, &#8220;your&#8221;). We are subject to the Act [&hellip;]\" \/>\n<meta property=\"og:url\" content=\"https:\/\/www.topglaciers.com\/en\/terms-of-use\/\" \/>\n<meta property=\"og:site_name\" content=\"TOP Glaciers Inc.\" \/>\n<meta property=\"article:modified_time\" content=\"2024-03-26T12:15:08+00:00\" \/>\n<meta name=\"twitter:card\" content=\"summary_large_image\" \/>\n<meta name=\"twitter:label1\" content=\"Est. reading time\" \/>\n\t<meta name=\"twitter:data1\" content=\"9 minutes\" \/>\n<script type=\"application\/ld+json\" class=\"yoast-schema-graph\">{\"@context\":\"https:\\\/\\\/schema.org\",\"@graph\":[{\"@type\":\"WebPage\",\"@id\":\"https:\\\/\\\/www.topglaciers.com\\\/en\\\/terms-of-use\\\/\",\"url\":\"https:\\\/\\\/www.topglaciers.com\\\/en\\\/terms-of-use\\\/\",\"name\":\"Terms of use - TOP Glaciers Inc.\",\"isPartOf\":{\"@id\":\"https:\\\/\\\/www.topglaciers.com\\\/#website\"},\"datePublished\":\"2020-03-16T17:51:05+00:00\",\"dateModified\":\"2024-03-26T12:15:08+00:00\",\"breadcrumb\":{\"@id\":\"https:\\\/\\\/www.topglaciers.com\\\/en\\\/terms-of-use\\\/#breadcrumb\"},\"inLanguage\":\"en-CA\",\"potentialAction\":[{\"@type\":\"ReadAction\",\"target\":[\"https:\\\/\\\/www.topglaciers.com\\\/en\\\/terms-of-use\\\/\"]}]},{\"@type\":\"BreadcrumbList\",\"@id\":\"https:\\\/\\\/www.topglaciers.com\\\/en\\\/terms-of-use\\\/#breadcrumb\",\"itemListElement\":[{\"@type\":\"ListItem\",\"position\":1,\"name\":\"Home\",\"item\":\"https:\\\/\\\/www.topglaciers.com\\\/en\\\/\"},{\"@type\":\"ListItem\",\"position\":2,\"name\":\"Terms of use\"}]},{\"@type\":\"WebSite\",\"@id\":\"https:\\\/\\\/www.topglaciers.com\\\/#website\",\"url\":\"https:\\\/\\\/www.topglaciers.com\\\/\",\"name\":\"TOP Glaciers Inc.\",\"description\":\"\",\"potentialAction\":[{\"@type\":\"SearchAction\",\"target\":{\"@type\":\"EntryPoint\",\"urlTemplate\":\"https:\\\/\\\/www.topglaciers.com\\\/?s={search_term_string}\"},\"query-input\":{\"@type\":\"PropertyValueSpecification\",\"valueRequired\":true,\"valueName\":\"search_term_string\"}}],\"inLanguage\":\"en-CA\"}]}<\/script>\n<!-- \/ Yoast SEO plugin. -->","yoast_head_json":{"title":"Terms of use - TOP Glaciers Inc.","robots":{"index":"noindex","follow":"nofollow"},"og_locale":"en_US","og_type":"article","og_title":"Terms of use - TOP Glaciers Inc.","og_description":"[vc_row css=&#8221;.vc_custom_1711455299721{padding-top: 60px !important;padding-bottom: 60px !important;}&#8221; el_class=&#8221;bjm-terms&#8221;][vc_column][vc_column_text css=&#8221;.vc_custom_1711455292006{margin-bottom: 0px !important;}&#8221;] PRIVACY AND CONFIDENTIALITY POLICY At Top Glaciers Inc (also operating as: &#8220;Solo Fruit&#8221;, &#8220;Coolway&#8221;, &#8220;Lambert&#8221;, &#8220;Billoquet&#8221;) we strongly believe in the importance of protecting the personal information of our customers, employees and representatives (hereinafter referred to as &#8220;you&#8221;, &#8220;your&#8221;). We are subject to the Act [&hellip;]","og_url":"https:\/\/www.topglaciers.com\/en\/terms-of-use\/","og_site_name":"TOP Glaciers Inc.","article_modified_time":"2024-03-26T12:15:08+00:00","twitter_card":"summary_large_image","twitter_misc":{"Est. reading time":"9 minutes"},"schema":{"@context":"https:\/\/schema.org","@graph":[{"@type":"WebPage","@id":"https:\/\/www.topglaciers.com\/en\/terms-of-use\/","url":"https:\/\/www.topglaciers.com\/en\/terms-of-use\/","name":"Terms of use - TOP Glaciers Inc.","isPartOf":{"@id":"https:\/\/www.topglaciers.com\/#website"},"datePublished":"2020-03-16T17:51:05+00:00","dateModified":"2024-03-26T12:15:08+00:00","breadcrumb":{"@id":"https:\/\/www.topglaciers.com\/en\/terms-of-use\/#breadcrumb"},"inLanguage":"en-CA","potentialAction":[{"@type":"ReadAction","target":["https:\/\/www.topglaciers.com\/en\/terms-of-use\/"]}]},{"@type":"BreadcrumbList","@id":"https:\/\/www.topglaciers.com\/en\/terms-of-use\/#breadcrumb","itemListElement":[{"@type":"ListItem","position":1,"name":"Home","item":"https:\/\/www.topglaciers.com\/en\/"},{"@type":"ListItem","position":2,"name":"Terms of use"}]},{"@type":"WebSite","@id":"https:\/\/www.topglaciers.com\/#website","url":"https:\/\/www.topglaciers.com\/","name":"TOP Glaciers Inc.","description":"","potentialAction":[{"@type":"SearchAction","target":{"@type":"EntryPoint","urlTemplate":"https:\/\/www.topglaciers.com\/?s={search_term_string}"},"query-input":{"@type":"PropertyValueSpecification","valueRequired":true,"valueName":"search_term_string"}}],"inLanguage":"en-CA"}]}},"_links":{"self":[{"href":"https:\/\/www.topglaciers.com\/en\/wp-json\/wp\/v2\/pages\/11973","targetHints":{"allow":["GET"]}}],"collection":[{"href":"https:\/\/www.topglaciers.com\/en\/wp-json\/wp\/v2\/pages"}],"about":[{"href":"https:\/\/www.topglaciers.com\/en\/wp-json\/wp\/v2\/types\/page"}],"author":[{"embeddable":true,"href":"https:\/\/www.topglaciers.com\/en\/wp-json\/wp\/v2\/users\/2"}],"replies":[{"embeddable":true,"href":"https:\/\/www.topglaciers.com\/en\/wp-json\/wp\/v2\/comments?post=11973"}],"version-history":[{"count":2,"href":"https:\/\/www.topglaciers.com\/en\/wp-json\/wp\/v2\/pages\/11973\/revisions"}],"predecessor-version":[{"id":13060,"href":"https:\/\/www.topglaciers.com\/en\/wp-json\/wp\/v2\/pages\/11973\/revisions\/13060"}],"wp:attachment":[{"href":"https:\/\/www.topglaciers.com\/en\/wp-json\/wp\/v2\/media?parent=11973"}],"curies":[{"name":"wp","href":"https:\/\/api.w.org\/{rel}","templated":true}]}}